{"id":1519,"date":"2025-03-31T15:38:07","date_gmt":"2025-03-31T15:38:07","guid":{"rendered":"https:\/\/inglesbrillante.com\/?post_type=product&#038;p=1519"},"modified":"2025-03-31T22:20:49","modified_gmt":"2025-03-31T22:20:49","slug":"programa-intensivo-shine","status":"publish","type":"product","link":"https:\/\/inglesbrillante.com\/index.php\/product\/programa-intensivo-shine\/","title":{"rendered":"Programa intensivo SHINE"},"content":{"rendered":"<p>SHINE es un programa intensivo de 5 d\u00edas en vivo online donde transformar\u00e1s la manera en la que te expresas en ingl\u00e9s, desbloqueando la confianza que siempre has tenido dentro de ti.<\/p>\n<p>LOGRAR\u00c1S:<br \/>\n\u2705 Identificar bloqueos emocionales que te frenan al hablar.<br \/>\n\u2705 Implementar t\u00e9cnicas de comunicaci\u00f3n efectiva para sonar m\u00e1s segura.<br \/>\n\u2705 Hablar con fluidez sin sentir que te juzgan o te trabas.<br \/>\n\u2705 Conectar con un grupo de mujeres profesionales como t\u00fa, que est\u00e1n listas para soltar el miedo y brillar.<\/p>\n<p>\ud83d\udca1 ESTE PROGRAMA ES PARA TI SI:<br \/>\n\u2705 Tienes un nivel B2 o C1 en ingl\u00e9s.<br \/>\n\u2705 Has tomado cursos pero sigues sin sentirte c\u00f3moda al hablar.<br \/>\n\u2705 Te URGEmejorar tu ingl\u00e9s porque se acerca una gran oportunidad profesional.<\/p>\n<p>\ud83d\udcb3 Inversi\u00f3n:<br \/>\n$5,497 MXN a 3 meses sin intereses s\u00f3lo en M\u00e9xico<br \/>\n(o $4,997 en una sola exhibici\u00f3n con tarjeta de d\u00e9bito)<\/p>\n<p><strong>&#8220;SHINE: Programa intensivo para hablar ingl\u00e9s con m\u00e1s confianza en 5 d\u00edas&#8221;<\/strong><br \/>\n\ud83c\udfaf Pr\u00e1cticas diarias en ingl\u00e9s con experiencias transformacionales y coaching emocional.<br \/>\n\ud83d\udcb0 Formato grupal din\u00e1mico e interactivo<br \/>\n\ud83d\uddd3\ufe0f Dos grupos a elegir:<br \/>\nGrupo A: 7-11 de abril, 20:00-21:30 hora Ciudad de M\u00e9xico<br \/>\nGrupo B: 21-25 de abril, 20:00-21:30 hora Ciudad de M\u00e9xico<\/p>\n","protected":false},"excerpt":{"rendered":"<p>El Programa intensivo SHINE de Ingl\u00e9s Brillante es un taller de alto valor en vivo online de 5 d\u00edas con enfoque en inteligencia emocional + ingl\u00e9s para eliminar el estr\u00e9s ling\u00fc\u00edstico.<\/p>\n","protected":false},"featured_media":1583,"comment_status":"closed","ping_status":"closed","template":"","meta":{"_et_pb_use_builder":"","_et_pb_old_content":"","_et_gb_content_width":""},"product_brand":[],"product_cat":[37],"product_tag":[38],"class_list":{"0":"post-1519","1":"product","2":"type-product","3":"status-publish","4":"has-post-thumbnail","6":"product_cat-shine","7":"product_tag-shine","9":"first","10":"instock","11":"shipping-taxable","12":"purchasable","13":"product-type-variable"},"yoast_head":"<!-- This site is optimized with the Yoast SEO plugin v25.4 - https:\/\/yoast.com\/wordpress\/plugins\/seo\/ -->\n<title>Programa intensivo SHINE - Ingl\u00e9s Brillante<\/title>\n<meta name=\"robots\" content=\"index, follow, max-snippet:-1, max-image-preview:large, max-video-preview:-1\" \/>\n<link rel=\"canonical\" href=\"https:\/\/inglesbrillante.com\/index.php\/product\/programa-intensivo-shine\/\" \/>\n<meta property=\"og:locale\" content=\"en_US\" \/>\n<meta property=\"og:type\" content=\"article\" \/>\n<meta property=\"og:title\" content=\"Programa intensivo SHINE - Ingl\u00e9s Brillante\" \/>\n<meta property=\"og:description\" content=\"El Programa intensivo SHINE de Ingl\u00e9s Brillante es un taller de alto valor en vivo online de 5 d\u00edas con enfoque en inteligencia emocional + ingl\u00e9s para eliminar el estr\u00e9s ling\u00fc\u00edstico.\" \/>\n<meta property=\"og:url\" content=\"https:\/\/inglesbrillante.com\/index.php\/product\/programa-intensivo-shine\/\" \/>\n<meta property=\"og:site_name\" content=\"Ingl\u00e9s Brillante\" \/>\n<meta property=\"article:modified_time\" content=\"2025-03-31T22:20:49+00:00\" \/>\n<meta property=\"og:image\" content=\"https:\/\/inglesbrillante.com\/wp-content\/uploads\/2025\/03\/Ingles-Brillante-SHINE-1024x1024.png\" \/>\n\t<meta property=\"og:image:width\" content=\"1024\" \/>\n\t<meta property=\"og:image:height\" content=\"1024\" \/>\n\t<meta property=\"og:image:type\" content=\"image\/png\" \/>\n<meta name=\"twitter:card\" content=\"summary_large_image\" \/>\n<meta name=\"twitter:label1\" content=\"Est. reading time\" \/>\n\t<meta name=\"twitter:data1\" content=\"1 minute\" \/>\n<script type=\"application\/ld+json\" class=\"yoast-schema-graph\">{\"@context\":\"https:\/\/schema.org\",\"@graph\":[{\"@type\":\"WebPage\",\"@id\":\"https:\/\/inglesbrillante.com\/index.php\/product\/programa-intensivo-shine\/\",\"url\":\"https:\/\/inglesbrillante.com\/index.php\/product\/programa-intensivo-shine\/\",\"name\":\"Programa intensivo SHINE - Ingl\u00e9s Brillante\",\"isPartOf\":{\"@id\":\"https:\/\/inglesbrillante.com\/#website\"},\"primaryImageOfPage\":{\"@id\":\"https:\/\/inglesbrillante.com\/index.php\/product\/programa-intensivo-shine\/#primaryimage\"},\"image\":{\"@id\":\"https:\/\/inglesbrillante.com\/index.php\/product\/programa-intensivo-shine\/#primaryimage\"},\"thumbnailUrl\":\"https:\/\/inglesbrillante.com\/wp-content\/uploads\/2025\/03\/Ingles-Brillante-SHINE.png\",\"datePublished\":\"2025-03-31T15:38:07+00:00\",\"dateModified\":\"2025-03-31T22:20:49+00:00\",\"breadcrumb\":{\"@id\":\"https:\/\/inglesbrillante.com\/index.php\/product\/programa-intensivo-shine\/#breadcrumb\"},\"inLanguage\":\"en-US\",\"potentialAction\":[{\"@type\":\"ReadAction\",\"target\":[\"https:\/\/inglesbrillante.com\/index.php\/product\/programa-intensivo-shine\/\"]}]},{\"@type\":\"ImageObject\",\"inLanguage\":\"en-US\",\"@id\":\"https:\/\/inglesbrillante.com\/index.php\/product\/programa-intensivo-shine\/#primaryimage\",\"url\":\"https:\/\/inglesbrillante.com\/wp-content\/uploads\/2025\/03\/Ingles-Brillante-SHINE.png\",\"contentUrl\":\"https:\/\/inglesbrillante.com\/wp-content\/uploads\/2025\/03\/Ingles-Brillante-SHINE.png\",\"width\":2160,\"height\":2160},{\"@type\":\"BreadcrumbList\",\"@id\":\"https:\/\/inglesbrillante.com\/index.php\/product\/programa-intensivo-shine\/#breadcrumb\",\"itemListElement\":[{\"@type\":\"ListItem\",\"position\":1,\"name\":\"Home\",\"item\":\"https:\/\/inglesbrillante.com\/\"},{\"@type\":\"ListItem\",\"position\":2,\"name\":\"Shop\",\"item\":\"https:\/\/inglesbrillante.com\/index.php\/shop\/\"},{\"@type\":\"ListItem\",\"position\":3,\"name\":\"Programa intensivo SHINE\"}]},{\"@type\":\"WebSite\",\"@id\":\"https:\/\/inglesbrillante.com\/#website\",\"url\":\"https:\/\/inglesbrillante.com\/\",\"name\":\"Ingl\u00e9s Brillante\",\"description\":\"Effective Communication\",\"potentialAction\":[{\"@type\":\"SearchAction\",\"target\":{\"@type\":\"EntryPoint\",\"urlTemplate\":\"https:\/\/inglesbrillante.com\/?s={search_term_string}\"},\"query-input\":{\"@type\":\"PropertyValueSpecification\",\"valueRequired\":true,\"valueName\":\"search_term_string\"}}],\"inLanguage\":\"en-US\"}]}<\/script>\n<!-- \/ Yoast SEO plugin. -->","yoast_head_json":{"title":"Programa intensivo SHINE - Ingl\u00e9s Brillante","robots":{"index":"index","follow":"follow","max-snippet":"max-snippet:-1","max-image-preview":"max-image-preview:large","max-video-preview":"max-video-preview:-1"},"canonical":"https:\/\/inglesbrillante.com\/index.php\/product\/programa-intensivo-shine\/","og_locale":"en_US","og_type":"article","og_title":"Programa intensivo SHINE - Ingl\u00e9s Brillante","og_description":"El Programa intensivo SHINE de Ingl\u00e9s Brillante es un taller de alto valor en vivo online de 5 d\u00edas con enfoque en inteligencia emocional + ingl\u00e9s para eliminar el estr\u00e9s ling\u00fc\u00edstico.","og_url":"https:\/\/inglesbrillante.com\/index.php\/product\/programa-intensivo-shine\/","og_site_name":"Ingl\u00e9s Brillante","article_modified_time":"2025-03-31T22:20:49+00:00","og_image":[{"width":1024,"height":1024,"url":"https:\/\/inglesbrillante.com\/wp-content\/uploads\/2025\/03\/Ingles-Brillante-SHINE-1024x1024.png","type":"image\/png"}],"twitter_card":"summary_large_image","twitter_misc":{"Est. reading time":"1 minute"},"schema":{"@context":"https:\/\/schema.org","@graph":[{"@type":"WebPage","@id":"https:\/\/inglesbrillante.com\/index.php\/product\/programa-intensivo-shine\/","url":"https:\/\/inglesbrillante.com\/index.php\/product\/programa-intensivo-shine\/","name":"Programa intensivo SHINE - Ingl\u00e9s Brillante","isPartOf":{"@id":"https:\/\/inglesbrillante.com\/#website"},"primaryImageOfPage":{"@id":"https:\/\/inglesbrillante.com\/index.php\/product\/programa-intensivo-shine\/#primaryimage"},"image":{"@id":"https:\/\/inglesbrillante.com\/index.php\/product\/programa-intensivo-shine\/#primaryimage"},"thumbnailUrl":"https:\/\/inglesbrillante.com\/wp-content\/uploads\/2025\/03\/Ingles-Brillante-SHINE.png","datePublished":"2025-03-31T15:38:07+00:00","dateModified":"2025-03-31T22:20:49+00:00","breadcrumb":{"@id":"https:\/\/inglesbrillante.com\/index.php\/product\/programa-intensivo-shine\/#breadcrumb"},"inLanguage":"en-US","potentialAction":[{"@type":"ReadAction","target":["https:\/\/inglesbrillante.com\/index.php\/product\/programa-intensivo-shine\/"]}]},{"@type":"ImageObject","inLanguage":"en-US","@id":"https:\/\/inglesbrillante.com\/index.php\/product\/programa-intensivo-shine\/#primaryimage","url":"https:\/\/inglesbrillante.com\/wp-content\/uploads\/2025\/03\/Ingles-Brillante-SHINE.png","contentUrl":"https:\/\/inglesbrillante.com\/wp-content\/uploads\/2025\/03\/Ingles-Brillante-SHINE.png","width":2160,"height":2160},{"@type":"BreadcrumbList","@id":"https:\/\/inglesbrillante.com\/index.php\/product\/programa-intensivo-shine\/#breadcrumb","itemListElement":[{"@type":"ListItem","position":1,"name":"Home","item":"https:\/\/inglesbrillante.com\/"},{"@type":"ListItem","position":2,"name":"Shop","item":"https:\/\/inglesbrillante.com\/index.php\/shop\/"},{"@type":"ListItem","position":3,"name":"Programa intensivo SHINE"}]},{"@type":"WebSite","@id":"https:\/\/inglesbrillante.com\/#website","url":"https:\/\/inglesbrillante.com\/","name":"Ingl\u00e9s Brillante","description":"Effective Communication","potentialAction":[{"@type":"SearchAction","target":{"@type":"EntryPoint","urlTemplate":"https:\/\/inglesbrillante.com\/?s={search_term_string}"},"query-input":{"@type":"PropertyValueSpecification","valueRequired":true,"valueName":"search_term_string"}}],"inLanguage":"en-US"}]}},"_links":{"self":[{"href":"https:\/\/inglesbrillante.com\/index.php\/wp-json\/wp\/v2\/product\/1519","targetHints":{"allow":["GET"]}}],"collection":[{"href":"https:\/\/inglesbrillante.com\/index.php\/wp-json\/wp\/v2\/product"}],"about":[{"href":"https:\/\/inglesbrillante.com\/index.php\/wp-json\/wp\/v2\/types\/product"}],"replies":[{"embeddable":true,"href":"https:\/\/inglesbrillante.com\/index.php\/wp-json\/wp\/v2\/comments?post=1519"}],"wp:featuredmedia":[{"embeddable":true,"href":"https:\/\/inglesbrillante.com\/index.php\/wp-json\/wp\/v2\/media\/1583"}],"wp:attachment":[{"href":"https:\/\/inglesbrillante.com\/index.php\/wp-json\/wp\/v2\/media?parent=1519"}],"wp:term":[{"taxonomy":"product_brand","embeddable":true,"href":"https:\/\/inglesbrillante.com\/index.php\/wp-json\/wp\/v2\/product_brand?post=1519"},{"taxonomy":"product_cat","embeddable":true,"href":"https:\/\/inglesbrillante.com\/index.php\/wp-json\/wp\/v2\/product_cat?post=1519"},{"taxonomy":"product_tag","embeddable":true,"href":"https:\/\/inglesbrillante.com\/index.php\/wp-json\/wp\/v2\/product_tag?post=1519"}],"curies":[{"name":"wp","href":"https:\/\/api.w.org\/{rel}","templated":true}]}}